{"id":3847,"date":"2025-11-19T23:03:42","date_gmt":"2025-11-19T22:03:42","guid":{"rendered":"https:\/\/candelasol.com\/vinos-naturales\/"},"modified":"2025-12-10T09:33:23","modified_gmt":"2025-12-10T08:33:23","slug":"vinos-naturales","status":"publish","type":"page","link":"https:\/\/candelasol.com\/en\/vinos-naturales\/","title":{"rendered":"Vinos naturales"},"content":{"rendered":"\t\t<div data-elementor-type=\"wp-page\" data-elementor-id=\"3847\" class=\"elementor elementor-3847 elementor-3128\" data-elementor-post-type=\"page\">\n\t\t\t\t<div class=\"elementor-element elementor-element-71e87ecf e-flex e-con-boxed e-con e-parent\" data-id=\"71e87ecf\" data-element_type=\"container\" data-e-type=\"container\">\n\t\t\t\t\t<div class=\"e-con-inner\">\n\t\t<div class=\"elementor-element elementor-element-29dde3f2 e-flex e-con-boxed e-con e-child\" data-id=\"29dde3f2\" data-element_type=\"container\" data-e-type=\"container\">\n\t\t\t\t\t<div class=\"e-con-inner\">\n\t\t<div class=\"elementor-element elementor-element-47cb9d2d e-con-full e-flex e-con e-child\" data-id=\"47cb9d2d\" data-element_type=\"container\" data-e-type=\"container\">\n\t\t\t\t<div class=\"elementor-element elementor-element-3ef2c9cf elementor-widget__width-auto de_scroll_animation_no elementor-widget elementor-widget-elementskit-header-info\" data-id=\"3ef2c9cf\" data-element_type=\"widget\" data-e-type=\"widget\" data-widget_type=\"elementskit-header-info.default\">\n\t\t\t\t\t<div class=\"ekit-wid-con\" >        <ul class=\"ekit-header-info\">\n                                    <li>\n                            <a > \n                                                                DOCUMENTATION, AGRICULTURE, PROCESSES                            <\/a>\n                        <\/li>\n\n                            <\/ul>\n        <\/div>\t\t\t\t<\/div>\n\t\t\t\t<div class=\"elementor-element elementor-element-46f7c55a de_scroll_animation_no elementor-widget elementor-widget-heading\" data-id=\"46f7c55a\" data-element_type=\"widget\" data-e-type=\"widget\" data-widget_type=\"heading.default\">\n\t\t\t\t\t<h3 class=\"elementor-heading-title elementor-size-default\">Vinos naturales<\/h3>\t\t\t\t<\/div>\n\t\t\t\t<div class=\"elementor-element elementor-element-364d5eb2 elementor-widget__width-initial de_scroll_animation_no elementor-invisible elementor-widget elementor-widget-text-editor\" data-id=\"364d5eb2\" data-element_type=\"widget\" data-e-type=\"widget\" data-settings=\"{&quot;_animation&quot;:&quot;fadeIn&quot;}\" data-widget_type=\"text-editor.default\">\n\t\t\t\t\t\t\t\t\t<p>A tour of the leading wineries dedicated to producing natural wines in Catalonia: Joan Rubi\u00f2, Bodega Sicus, C\u00f2smic &amp; Tuets.<\/p>\t\t\t\t\t\t\t\t<\/div>\n\t\t<div class=\"elementor-element elementor-element-5f484f74 e-con-full e-flex e-con e-child\" data-id=\"5f484f74\" data-element_type=\"container\" data-e-type=\"container\">\n\t\t\t\t<div class=\"elementor-element elementor-element-26976281 elementor-align-center de_scroll_animation_no elementor-widget elementor-widget-button\" data-id=\"26976281\" data-element_type=\"widget\" data-e-type=\"widget\" data-widget_type=\"button.default\">\n\t\t\t\t\t\t\t\t\t\t<a class=\"elementor-button elementor-button-link elementor-size-sm\" href=\"#\">\n\t\t\t\t\t\t<span class=\"elementor-button-content-wrapper\">\n\t\t\t\t\t\t\t\t\t<span class=\"elementor-button-text\">KEY HIGHLIGHT<\/span>\n\t\t\t\t\t<\/span>\n\t\t\t\t\t<\/a>\n\t\t\t\t\t\t\t\t<\/div>\n\t\t\t\t<div class=\"elementor-element elementor-element-1d490ef6 elementor-widget__width-initial de_scroll_animation_no elementor-invisible elementor-widget elementor-widget-text-editor\" data-id=\"1d490ef6\" data-element_type=\"widget\" data-e-type=\"widget\" data-settings=\"{&quot;_animation&quot;:&quot;fadeIn&quot;}\" data-widget_type=\"text-editor.default\">\n\t\t\t\t\t\t\t\t\t<p>PHOTOGRAF\u00cdA \u2022<span style=\"font-family: Instrument Serif, Sans-serif; font-style: italic;\"> Candela Sol<\/span><br>PRODUCCI\u00d3N \u2022 <span style=\"font-family: Instrument Serif, Sans-serif; font-style: italic;\">Fira Vella Terra<\/span><br>BODEGAS \u2022 <span style=\"font-family: Instrument Serif, Sans-serif; font-style: italic;\">Sicus, Cosmic, Tuets, Rubi\u00f2<\/span><br>LUGAR \u2022 <span style=\"font-family: Instrument Serif, Sans-serif; font-style: italic;\">Catalunya, 2018<\/span><\/p>\t\t\t\t\t\t\t\t<\/div>\n\t\t\t\t<\/div>\n\t\t\t\t<\/div>\n\t\t<div class=\"elementor-element elementor-element-4f5b4155 e-con-full e-flex e-con e-child\" data-id=\"4f5b4155\" data-element_type=\"container\" data-e-type=\"container\">\n\t\t\t\t<div class=\"elementor-element elementor-element-7e97b72f de_scroll_animation_no elementor-widget elementor-widget-image\" data-id=\"7e97b72f\" data-element_type=\"widget\" data-e-type=\"widget\" data-widget_type=\"image.default\">\n\t\t\t\t\t\t\t\t\t\t\t\t\t\t\t<img fetchpriority=\"high\" decoding=\"async\" width=\"1920\" height=\"1280\" src=\"https:\/\/candelasol.com\/wp-content\/uploads\/2025\/11\/25web_vinos_IMG_0298_HR.webp\" class=\"attachment-full size-full wp-image-3848\" alt=\"\" srcset=\"https:\/\/candelasol.com\/wp-content\/uploads\/2025\/11\/25web_vinos_IMG_0298_HR.webp 1920w, https:\/\/candelasol.com\/wp-content\/uploads\/2025\/11\/25web_vinos_IMG_0298_HR-1200.webp 1200w, https:\/\/candelasol.com\/wp-content\/uploads\/2025\/11\/25web_vinos_IMG_0298_HR-600.webp 600w, https:\/\/candelasol.com\/wp-content\/uploads\/2025\/11\/25web_vinos_IMG_0298_HR-300.webp 300w, https:\/\/candelasol.com\/wp-content\/uploads\/2025\/11\/25web_vinos_IMG_0298_HR-150x150.webp 150w\" sizes=\"(max-width: 1920px) 100vw, 1920px\" \/>\t\t\t\t\t\t\t\t\t\t\t\t\t\t\t<\/div>\n\t\t\t\t<div class=\"elementor-element elementor-element-9fca193 de_scroll_animation_no elementor-widget elementor-widget-image\" data-id=\"9fca193\" data-element_type=\"widget\" data-e-type=\"widget\" data-widget_type=\"image.default\">\n\t\t\t\t\t\t\t\t\t\t\t\t\t\t\t<img decoding=\"async\" width=\"1920\" height=\"1280\" src=\"https:\/\/candelasol.com\/wp-content\/uploads\/2025\/11\/25web_vinos_IMG_9789_HR.webp\" class=\"attachment-full size-full wp-image-3863\" alt=\"\" srcset=\"https:\/\/candelasol.com\/wp-content\/uploads\/2025\/11\/25web_vinos_IMG_9789_HR.webp 1920w, https:\/\/candelasol.com\/wp-content\/uploads\/2025\/11\/25web_vinos_IMG_9789_HR-1200.webp 1200w, https:\/\/candelasol.com\/wp-content\/uploads\/2025\/11\/25web_vinos_IMG_9789_HR-600.webp 600w, https:\/\/candelasol.com\/wp-content\/uploads\/2025\/11\/25web_vinos_IMG_9789_HR-300.webp 300w, https:\/\/candelasol.com\/wp-content\/uploads\/2025\/11\/25web_vinos_IMG_9789_HR-150x150.webp 150w\" sizes=\"(max-width: 1920px) 100vw, 1920px\" \/>\t\t\t\t\t\t\t\t\t\t\t\t\t\t\t<\/div>\n\t\t\t\t<div class=\"elementor-element elementor-element-1f65d4eb de_scroll_animation_no elementor-widget elementor-widget-image\" data-id=\"1f65d4eb\" data-element_type=\"widget\" data-e-type=\"widget\" data-widget_type=\"image.default\">\n\t\t\t\t\t\t\t\t\t\t\t\t\t\t\t<img decoding=\"async\" width=\"1920\" height=\"2880\" src=\"https:\/\/candelasol.com\/wp-content\/uploads\/2025\/11\/25web_vinos_IMG_7709_HR.webp\" class=\"attachment-full size-full wp-image-3851\" alt=\"\" srcset=\"https:\/\/candelasol.com\/wp-content\/uploads\/2025\/11\/25web_vinos_IMG_7709_HR.webp 1920w, https:\/\/candelasol.com\/wp-content\/uploads\/2025\/11\/25web_vinos_IMG_7709_HR-1200.webp 1200w, https:\/\/candelasol.com\/wp-content\/uploads\/2025\/11\/25web_vinos_IMG_7709_HR-600.webp 600w, https:\/\/candelasol.com\/wp-content\/uploads\/2025\/11\/25web_vinos_IMG_7709_HR-300.webp 300w, https:\/\/candelasol.com\/wp-content\/uploads\/2025\/11\/25web_vinos_IMG_7709_HR-150x150.webp 150w\" sizes=\"(max-width: 1920px) 100vw, 1920px\" \/>\t\t\t\t\t\t\t\t\t\t\t\t\t\t\t<\/div>\n\t\t\t\t<div class=\"elementor-element elementor-element-a2fdd7d de_scroll_animation_no elementor-widget elementor-widget-image\" data-id=\"a2fdd7d\" data-element_type=\"widget\" data-e-type=\"widget\" data-widget_type=\"image.default\">\n\t\t\t\t\t\t\t\t\t\t\t\t\t\t\t<img loading=\"lazy\" decoding=\"async\" width=\"1920\" height=\"1280\" src=\"https:\/\/candelasol.com\/wp-content\/uploads\/2025\/11\/25web_vinos_IMG_0341_HR.webp\" class=\"attachment-full size-full wp-image-3849\" alt=\"\" srcset=\"https:\/\/candelasol.com\/wp-content\/uploads\/2025\/11\/25web_vinos_IMG_0341_HR.webp 1920w, https:\/\/candelasol.com\/wp-content\/uploads\/2025\/11\/25web_vinos_IMG_0341_HR-1200.webp 1200w, https:\/\/candelasol.com\/wp-content\/uploads\/2025\/11\/25web_vinos_IMG_0341_HR-600.webp 600w, https:\/\/candelasol.com\/wp-content\/uploads\/2025\/11\/25web_vinos_IMG_0341_HR-300.webp 300w, https:\/\/candelasol.com\/wp-content\/uploads\/2025\/11\/25web_vinos_IMG_0341_HR-150x150.webp 150w\" sizes=\"(max-width: 1920px) 100vw, 1920px\" \/>\t\t\t\t\t\t\t\t\t\t\t\t\t\t\t<\/div>\n\t\t\t\t<div class=\"elementor-element elementor-element-34d3142 de_scroll_animation_no elementor-widget elementor-widget-image\" data-id=\"34d3142\" data-element_type=\"widget\" data-e-type=\"widget\" data-widget_type=\"image.default\">\n\t\t\t\t\t\t\t\t\t\t\t\t\t\t\t<img loading=\"lazy\" decoding=\"async\" width=\"1920\" height=\"1280\" src=\"https:\/\/candelasol.com\/wp-content\/uploads\/2025\/11\/25web_vinos_IMG_0397_HR.webp\" class=\"attachment-full size-full wp-image-3850\" alt=\"\" srcset=\"https:\/\/candelasol.com\/wp-content\/uploads\/2025\/11\/25web_vinos_IMG_0397_HR.webp 1920w, https:\/\/candelasol.com\/wp-content\/uploads\/2025\/11\/25web_vinos_IMG_0397_HR-1200.webp 1200w, https:\/\/candelasol.com\/wp-content\/uploads\/2025\/11\/25web_vinos_IMG_0397_HR-600.webp 600w, https:\/\/candelasol.com\/wp-content\/uploads\/2025\/11\/25web_vinos_IMG_0397_HR-300.webp 300w, https:\/\/candelasol.com\/wp-content\/uploads\/2025\/11\/25web_vinos_IMG_0397_HR-150x150.webp 150w\" sizes=\"(max-width: 1920px) 100vw, 1920px\" \/>\t\t\t\t\t\t\t\t\t\t\t\t\t\t\t<\/div>\n\t\t\t\t<div class=\"elementor-element elementor-element-6a14124 de_scroll_animation_no elementor-widget elementor-widget-image\" data-id=\"6a14124\" data-element_type=\"widget\" data-e-type=\"widget\" data-widget_type=\"image.default\">\n\t\t\t\t\t\t\t\t\t\t\t\t\t\t\t<img loading=\"lazy\" decoding=\"async\" width=\"1920\" height=\"2880\" src=\"https:\/\/candelasol.com\/wp-content\/uploads\/2025\/11\/25web_vinos_IMG_7749_HR.webp\" class=\"attachment-full size-full wp-image-3852\" alt=\"\" srcset=\"https:\/\/candelasol.com\/wp-content\/uploads\/2025\/11\/25web_vinos_IMG_7749_HR.webp 1920w, https:\/\/candelasol.com\/wp-content\/uploads\/2025\/11\/25web_vinos_IMG_7749_HR-1200.webp 1200w, https:\/\/candelasol.com\/wp-content\/uploads\/2025\/11\/25web_vinos_IMG_7749_HR-600.webp 600w, https:\/\/candelasol.com\/wp-content\/uploads\/2025\/11\/25web_vinos_IMG_7749_HR-300.webp 300w, https:\/\/candelasol.com\/wp-content\/uploads\/2025\/11\/25web_vinos_IMG_7749_HR-150x150.webp 150w\" sizes=\"(max-width: 1920px) 100vw, 1920px\" \/>\t\t\t\t\t\t\t\t\t\t\t\t\t\t\t<\/div>\n\t\t\t\t<div class=\"elementor-element elementor-element-e544a53 de_scroll_animation_no elementor-widget elementor-widget-image\" data-id=\"e544a53\" data-element_type=\"widget\" data-e-type=\"widget\" data-widget_type=\"image.default\">\n\t\t\t\t\t\t\t\t\t\t\t\t\t\t\t<img loading=\"lazy\" decoding=\"async\" width=\"1920\" height=\"1280\" src=\"https:\/\/candelasol.com\/wp-content\/uploads\/2025\/11\/25web_vinos_IMG_7882_HR.webp\" class=\"attachment-full size-full wp-image-3855\" alt=\"\" srcset=\"https:\/\/candelasol.com\/wp-content\/uploads\/2025\/11\/25web_vinos_IMG_7882_HR.webp 1920w, https:\/\/candelasol.com\/wp-content\/uploads\/2025\/11\/25web_vinos_IMG_7882_HR-1200.webp 1200w, https:\/\/candelasol.com\/wp-content\/uploads\/2025\/11\/25web_vinos_IMG_7882_HR-600.webp 600w, https:\/\/candelasol.com\/wp-content\/uploads\/2025\/11\/25web_vinos_IMG_7882_HR-300.webp 300w, https:\/\/candelasol.com\/wp-content\/uploads\/2025\/11\/25web_vinos_IMG_7882_HR-150x150.webp 150w\" sizes=\"(max-width: 1920px) 100vw, 1920px\" \/>\t\t\t\t\t\t\t\t\t\t\t\t\t\t\t<\/div>\n\t\t\t\t<div class=\"elementor-element elementor-element-6ec0f69 de_scroll_animation_no elementor-widget elementor-widget-image\" data-id=\"6ec0f69\" data-element_type=\"widget\" data-e-type=\"widget\" data-widget_type=\"image.default\">\n\t\t\t\t\t\t\t\t\t\t\t\t\t\t\t<img loading=\"lazy\" decoding=\"async\" width=\"1920\" height=\"2880\" src=\"https:\/\/candelasol.com\/wp-content\/uploads\/2025\/11\/25web_vinos_IMG_7792_HR.webp\" class=\"attachment-full size-full wp-image-3853\" alt=\"\" srcset=\"https:\/\/candelasol.com\/wp-content\/uploads\/2025\/11\/25web_vinos_IMG_7792_HR.webp 1920w, https:\/\/candelasol.com\/wp-content\/uploads\/2025\/11\/25web_vinos_IMG_7792_HR-1200.webp 1200w, https:\/\/candelasol.com\/wp-content\/uploads\/2025\/11\/25web_vinos_IMG_7792_HR-600.webp 600w, https:\/\/candelasol.com\/wp-content\/uploads\/2025\/11\/25web_vinos_IMG_7792_HR-300.webp 300w, https:\/\/candelasol.com\/wp-content\/uploads\/2025\/11\/25web_vinos_IMG_7792_HR-150x150.webp 150w\" sizes=\"(max-width: 1920px) 100vw, 1920px\" \/>\t\t\t\t\t\t\t\t\t\t\t\t\t\t\t<\/div>\n\t\t\t\t<div class=\"elementor-element elementor-element-ead246a de_scroll_animation_no elementor-widget elementor-widget-image\" data-id=\"ead246a\" data-element_type=\"widget\" data-e-type=\"widget\" data-widget_type=\"image.default\">\n\t\t\t\t\t\t\t\t\t\t\t\t\t\t\t<img loading=\"lazy\" decoding=\"async\" width=\"1920\" height=\"1280\" src=\"https:\/\/candelasol.com\/wp-content\/uploads\/2025\/11\/25web_vinos_IMG_7963_HR.webp\" class=\"attachment-full size-full wp-image-3856\" alt=\"\" srcset=\"https:\/\/candelasol.com\/wp-content\/uploads\/2025\/11\/25web_vinos_IMG_7963_HR.webp 1920w, https:\/\/candelasol.com\/wp-content\/uploads\/2025\/11\/25web_vinos_IMG_7963_HR-1200.webp 1200w, https:\/\/candelasol.com\/wp-content\/uploads\/2025\/11\/25web_vinos_IMG_7963_HR-600.webp 600w, https:\/\/candelasol.com\/wp-content\/uploads\/2025\/11\/25web_vinos_IMG_7963_HR-300.webp 300w, https:\/\/candelasol.com\/wp-content\/uploads\/2025\/11\/25web_vinos_IMG_7963_HR-150x150.webp 150w\" sizes=\"(max-width: 1920px) 100vw, 1920px\" \/>\t\t\t\t\t\t\t\t\t\t\t\t\t\t\t<\/div>\n\t\t\t\t<div class=\"elementor-element elementor-element-8dea02c de_scroll_animation_no elementor-widget elementor-widget-image\" data-id=\"8dea02c\" data-element_type=\"widget\" data-e-type=\"widget\" data-widget_type=\"image.default\">\n\t\t\t\t\t\t\t\t\t\t\t\t\t\t\t<img loading=\"lazy\" decoding=\"async\" width=\"1920\" height=\"1280\" src=\"https:\/\/candelasol.com\/wp-content\/uploads\/2025\/11\/25web_vinos_IMG_9702_HR.webp\" class=\"attachment-full size-full wp-image-3859\" alt=\"\" srcset=\"https:\/\/candelasol.com\/wp-content\/uploads\/2025\/11\/25web_vinos_IMG_9702_HR.webp 1920w, https:\/\/candelasol.com\/wp-content\/uploads\/2025\/11\/25web_vinos_IMG_9702_HR-1200.webp 1200w, https:\/\/candelasol.com\/wp-content\/uploads\/2025\/11\/25web_vinos_IMG_9702_HR-600.webp 600w, https:\/\/candelasol.com\/wp-content\/uploads\/2025\/11\/25web_vinos_IMG_9702_HR-300.webp 300w, https:\/\/candelasol.com\/wp-content\/uploads\/2025\/11\/25web_vinos_IMG_9702_HR-150x150.webp 150w\" sizes=\"(max-width: 1920px) 100vw, 1920px\" \/>\t\t\t\t\t\t\t\t\t\t\t\t\t\t\t<\/div>\n\t\t\t\t<div class=\"elementor-element elementor-element-88562a2 de_scroll_animation_no elementor-widget elementor-widget-image\" data-id=\"88562a2\" data-element_type=\"widget\" data-e-type=\"widget\" data-widget_type=\"image.default\">\n\t\t\t\t\t\t\t\t\t\t\t\t\t\t\t<img loading=\"lazy\" decoding=\"async\" width=\"1920\" height=\"2880\" src=\"https:\/\/candelasol.com\/wp-content\/uploads\/2025\/11\/25web_vinos_IMG_7804_HR.webp\" class=\"attachment-full size-full wp-image-3854\" alt=\"\" srcset=\"https:\/\/candelasol.com\/wp-content\/uploads\/2025\/11\/25web_vinos_IMG_7804_HR.webp 1920w, https:\/\/candelasol.com\/wp-content\/uploads\/2025\/11\/25web_vinos_IMG_7804_HR-1200.webp 1200w, https:\/\/candelasol.com\/wp-content\/uploads\/2025\/11\/25web_vinos_IMG_7804_HR-600.webp 600w, https:\/\/candelasol.com\/wp-content\/uploads\/2025\/11\/25web_vinos_IMG_7804_HR-300.webp 300w, https:\/\/candelasol.com\/wp-content\/uploads\/2025\/11\/25web_vinos_IMG_7804_HR-150x150.webp 150w\" sizes=\"(max-width: 1920px) 100vw, 1920px\" \/>\t\t\t\t\t\t\t\t\t\t\t\t\t\t\t<\/div>\n\t\t\t\t<div class=\"elementor-element elementor-element-1c5ba59 de_scroll_animation_no elementor-widget elementor-widget-image\" data-id=\"1c5ba59\" data-element_type=\"widget\" data-e-type=\"widget\" data-widget_type=\"image.default\">\n\t\t\t\t\t\t\t\t\t\t\t\t\t\t\t<img loading=\"lazy\" decoding=\"async\" width=\"1920\" height=\"1280\" src=\"https:\/\/candelasol.com\/wp-content\/uploads\/2025\/11\/25web_vinos_IMG_9764_HR.webp\" class=\"attachment-full size-full wp-image-3861\" alt=\"\" srcset=\"https:\/\/candelasol.com\/wp-content\/uploads\/2025\/11\/25web_vinos_IMG_9764_HR.webp 1920w, https:\/\/candelasol.com\/wp-content\/uploads\/2025\/11\/25web_vinos_IMG_9764_HR-1200.webp 1200w, https:\/\/candelasol.com\/wp-content\/uploads\/2025\/11\/25web_vinos_IMG_9764_HR-600.webp 600w, https:\/\/candelasol.com\/wp-content\/uploads\/2025\/11\/25web_vinos_IMG_9764_HR-300.webp 300w, https:\/\/candelasol.com\/wp-content\/uploads\/2025\/11\/25web_vinos_IMG_9764_HR-150x150.webp 150w\" sizes=\"(max-width: 1920px) 100vw, 1920px\" \/>\t\t\t\t\t\t\t\t\t\t\t\t\t\t\t<\/div>\n\t\t\t\t<div class=\"elementor-element elementor-element-483cdc0 de_scroll_animation_no elementor-widget elementor-widget-image\" data-id=\"483cdc0\" data-element_type=\"widget\" data-e-type=\"widget\" data-widget_type=\"image.default\">\n\t\t\t\t\t\t\t\t\t\t\t\t\t\t\t<img loading=\"lazy\" decoding=\"async\" width=\"1920\" height=\"1280\" src=\"https:\/\/candelasol.com\/wp-content\/uploads\/2025\/11\/25web_vinos_IMG_9678_HR.webp\" class=\"attachment-full size-full wp-image-3858\" alt=\"\" srcset=\"https:\/\/candelasol.com\/wp-content\/uploads\/2025\/11\/25web_vinos_IMG_9678_HR.webp 1920w, https:\/\/candelasol.com\/wp-content\/uploads\/2025\/11\/25web_vinos_IMG_9678_HR-1200.webp 1200w, https:\/\/candelasol.com\/wp-content\/uploads\/2025\/11\/25web_vinos_IMG_9678_HR-600.webp 600w, https:\/\/candelasol.com\/wp-content\/uploads\/2025\/11\/25web_vinos_IMG_9678_HR-300.webp 300w, https:\/\/candelasol.com\/wp-content\/uploads\/2025\/11\/25web_vinos_IMG_9678_HR-150x150.webp 150w\" sizes=\"(max-width: 1920px) 100vw, 1920px\" \/>\t\t\t\t\t\t\t\t\t\t\t\t\t\t\t<\/div>\n\t\t\t\t<div class=\"elementor-element elementor-element-8e9b7ac de_scroll_animation_no elementor-widget elementor-widget-image\" data-id=\"8e9b7ac\" data-element_type=\"widget\" data-e-type=\"widget\" data-widget_type=\"image.default\">\n\t\t\t\t\t\t\t\t\t\t\t\t\t\t\t<img loading=\"lazy\" decoding=\"async\" width=\"1920\" height=\"1280\" src=\"https:\/\/candelasol.com\/wp-content\/uploads\/2025\/11\/25web_vinos_IMG_9894_HR.webp\" class=\"attachment-full size-full wp-image-3864\" alt=\"\" srcset=\"https:\/\/candelasol.com\/wp-content\/uploads\/2025\/11\/25web_vinos_IMG_9894_HR.webp 1920w, https:\/\/candelasol.com\/wp-content\/uploads\/2025\/11\/25web_vinos_IMG_9894_HR-1200.webp 1200w, https:\/\/candelasol.com\/wp-content\/uploads\/2025\/11\/25web_vinos_IMG_9894_HR-600.webp 600w, https:\/\/candelasol.com\/wp-content\/uploads\/2025\/11\/25web_vinos_IMG_9894_HR-300.webp 300w, https:\/\/candelasol.com\/wp-content\/uploads\/2025\/11\/25web_vinos_IMG_9894_HR-150x150.webp 150w\" sizes=\"(max-width: 1920px) 100vw, 1920px\" \/>\t\t\t\t\t\t\t\t\t\t\t\t\t\t\t<\/div>\n\t\t\t\t<div class=\"elementor-element elementor-element-5d9dabc de_scroll_animation_no elementor-widget elementor-widget-image\" data-id=\"5d9dabc\" data-element_type=\"widget\" data-e-type=\"widget\" data-widget_type=\"image.default\">\n\t\t\t\t\t\t\t\t\t\t\t\t\t\t\t<img loading=\"lazy\" decoding=\"async\" width=\"1920\" height=\"1280\" src=\"https:\/\/candelasol.com\/wp-content\/uploads\/2025\/11\/25web_vinos_IMG_9787_HR.webp\" class=\"attachment-full size-full wp-image-3862\" alt=\"\" srcset=\"https:\/\/candelasol.com\/wp-content\/uploads\/2025\/11\/25web_vinos_IMG_9787_HR.webp 1920w, https:\/\/candelasol.com\/wp-content\/uploads\/2025\/11\/25web_vinos_IMG_9787_HR-1200.webp 1200w, https:\/\/candelasol.com\/wp-content\/uploads\/2025\/11\/25web_vinos_IMG_9787_HR-600.webp 600w, https:\/\/candelasol.com\/wp-content\/uploads\/2025\/11\/25web_vinos_IMG_9787_HR-300.webp 300w, https:\/\/candelasol.com\/wp-content\/uploads\/2025\/11\/25web_vinos_IMG_9787_HR-150x150.webp 150w\" sizes=\"(max-width: 1920px) 100vw, 1920px\" \/>\t\t\t\t\t\t\t\t\t\t\t\t\t\t\t<\/div>\n\t\t\t\t<\/div>\n\t\t\t\t\t<\/div>\n\t\t\t\t<\/div>\n\t\t\t\t\t<\/div>\n\t\t\t\t<\/div>\n\t\t\t\t<\/div>\n\t\t","protected":false},"excerpt":{"rendered":"<p>DOCUMENTATION, AGRICULTURE, PROCESSES Vinos naturales A tour of the leading wineries dedicated to producing natural wines in Catalonia: Joan Rubi\u00f2, Bodega Sicus, C\u00f2smic &amp; Tuets. KEY HIGHLIGHT PHOTOGRAF\u00cdA \u2022 Candela SolPRODUCCI\u00d3N \u2022 Fira Vella TerraBODEGAS \u2022 Sicus, Cosmic, Tuets, Rubi\u00f2LUGAR \u2022 Catalunya, 2018<\/p>\n","protected":false},"author":2,"featured_media":0,"parent":0,"menu_order":0,"comment_status":"closed","ping_status":"closed","template":"","meta":{"footnotes":""},"class_list":["post-3847","page","type-page","status-publish","hentry"],"_links":{"self":[{"href":"https:\/\/candelasol.com\/en\/wp-json\/wp\/v2\/pages\/3847","targetHints":{"allow":["GET"]}}],"collection":[{"href":"https:\/\/candelasol.com\/en\/wp-json\/wp\/v2\/pages"}],"about":[{"href":"https:\/\/candelasol.com\/en\/wp-json\/wp\/v2\/types\/page"}],"author":[{"embeddable":true,"href":"https:\/\/candelasol.com\/en\/wp-json\/wp\/v2\/users\/2"}],"replies":[{"embeddable":true,"href":"https:\/\/candelasol.com\/en\/wp-json\/wp\/v2\/comments?post=3847"}],"version-history":[{"count":3,"href":"https:\/\/candelasol.com\/en\/wp-json\/wp\/v2\/pages\/3847\/revisions"}],"predecessor-version":[{"id":3869,"href":"https:\/\/candelasol.com\/en\/wp-json\/wp\/v2\/pages\/3847\/revisions\/3869"}],"wp:attachment":[{"href":"https:\/\/candelasol.com\/en\/wp-json\/wp\/v2\/media?parent=3847"}],"curies":[{"name":"wp","href":"https:\/\/api.w.org\/{rel}","templated":true}]}}